{"id":3,"date":"2025-03-17T13:30:54","date_gmt":"2025-03-17T13:30:54","guid":{"rendered":"https:\/\/havilla.fi\/?page_id=3"},"modified":"2025-06-10T08:19:35","modified_gmt":"2025-06-10T08:19:35","slug":"privacy-policy","status":"publish","type":"page","link":"https:\/\/havilla.fi\/index.php\/privacy-policy\/","title":{"rendered":"Tietosuojaseloste"},"content":{"rendered":"\n<p><\/p>\n\n\n\n<p><strong>1. Rekisterinpit\u00e4j\u00e4<\/strong><br>Nimi: Havilla Oy<br>Y-tunnus: 3475400-3<br>Postiosoite: Pakkalankuja 7, 01510 Vantaa<\/p>\n\n\n\n<p><strong>2. Tietosuoja-asioiden yhteyshenkil\u00f6<\/strong><br>Nimi: Kaisa Timonen<br>Puhelin: 050 4476 572<br>S\u00e4hk\u00f6posti: kaisa.timonen@kylatimpuri.fi<\/p>\n\n\n\n<p><strong>3. Rekisterin nimi<\/strong><br>Havillan s\u00e4hk\u00f6isten palvelujen asiakasrekisteri<\/p>\n\n\n\n<p><strong>4. Henkil\u00f6tietojen k\u00e4sittelyn tarkoitus<\/strong><br>Asiakkaan henkil\u00f6tietoja voidaan k\u00e4sitell\u00e4 seuraavia tarkoituksia varten:<br>\u25cf asiakkuuden tai muun asialliseen yhteyteen perustuvan suhteen hoitaminen ja<br>hallinnointi<br>\u25cf analysointi ja tilastointi<br>\u25cf rekisterinpit\u00e4j\u00e4n ja sen kanssa kulloinkin samaan konserniin kuuluvien yhti\u00f6iden<br>liiketoiminnan suunnittelu, analysointi ja kehitt\u00e4minen<br>\u25cf rekisterinpit\u00e4j\u00e4n ja sen kanssa kulloinkin samaan konserniin kuuluvien yhti\u00f6iden<br>markkinointi, mukaan lukien suoramarkkinointi ja sen kohdentaminen rekister\u00f6ity\u00e4<br>kiinnostavaksi esimerkiksi asiakkaan ostohistoriatietojen tai muiden tietojen<br>perusteella luotujen profiilien avulla<br>\u25cf mielipide- ja markkinatutkimukset<br>\u25cf muut vastaavat k\u00e4ytt\u00f6tarkoitukset, jotka eiv\u00e4t ole ristiriidassa edell\u00e4 kuvattujen<br>k\u00e4ytt\u00f6tarkoitusten kanssa.<\/p>\n\n\n\n<p><strong>\u200b5. Rekisterin tietosis\u00e4lt\u00f6<\/strong><br>Rekister\u00f6idyn perustiedot, kuten:<br>\u25cf etu- ja sukunimi<br>\u25cf yhteystiedot (esimerkiksi postiosoitteet, puhelinnumerot, s\u00e4hk\u00f6postiosoitteet)<br>\u25cf yritysasiakkaiden yhteyshenkil\u00f6iden ammattia tai asemaa ty\u00f6yhteis\u00f6ss\u00e4 koskevat<br>tiedot<\/p>\n\n\n\n<p>Asiakkuuteen ja muuhun asialliseen yhteyteen sek\u00e4 palveluiden ja sis\u00e4lt\u00f6jen k\u00e4ytt\u00e4miseen<br>liittyv\u00e4t tiedot, kuten:<br>\u25cf rekisterinpit\u00e4j\u00e4n palveluja koskevat rekister\u00f6itymistiedot<br>\u25cf rekister\u00f6idyn antamat profilointi- ja kiinnostustiedot<br>\u25cf ostamista koskevat tiedot, kuten ostettuja tuotteita ja palveluita koskevat tiedot, sek\u00e4<br>maksamista, laskutusta ja perint\u00e4\u00e4 koskevat tarpeelliset tiedot<br>\u25cf asiakasviestint\u00e4\u00e4n liittyv\u00e4t tiedot, mukaan lukien mahdolliset puheluiden taltioinnit<br>\u25cf palautteet ja reklamaatiot, mukaan lukien virhe- ja tuotevastuuseen liittyv\u00e4t tiedot<br>\u25cf rekisterinpit\u00e4j\u00e4n s\u00e4hk\u00f6isten palveluiden ja sis\u00e4lt\u00f6jen k\u00e4ytt\u00f6\u00e4 koskevat selailutiedot ja<br>muut tiedot, mukaan lukien rekister\u00f6idyn selaimen rekisterinpit\u00e4j\u00e4n palvelimelle<br>l\u00e4hett\u00e4m\u00e4t tekniset tiedot (IP-osoite, selain) sek\u00e4 rekister\u00f6idyn selaimelle l\u00e4hetetyt<br>ev\u00e4steet ja niihin liittyv\u00e4t tiedot, mik\u00e4li ev\u00e4steisiin liitet\u00e4\u00e4n henkil\u00f6tietoja<br>\u25cf markkinointiin ja myynninedist\u00e4miseen liittyv\u00e4t tiedot, kuten rekister\u00f6ityyn kohdistetut<br>\u25cf markkinointitoimenpiteet, niiden hy\u00f6dynt\u00e4minen ja niiden yhteydess\u00e4 annetut tiedot<br>sek\u00e4 suoramarkkinointiluvat ja -kiellot<\/p>\n\n\n\n<p><strong>6. S\u00e4\u00e4nn\u00f6nmukaiset tietol\u00e4hteet<\/strong><br>Rekister\u00f6ity\u00e4 koskevia tietoja saadaan s\u00e4\u00e4nn\u00f6nmukaisesti rekister\u00f6idylt\u00e4 itselt\u00e4\u00e4n muun<br>muassa rekister\u00f6idyn osallistuessa rekisterinpit\u00e4j\u00e4n markkinointitoimenpiteisiin.<br>Tietoja saadaan my\u00f6s rekisterinpit\u00e4j\u00e4n verkkokaupan tai muiden s\u00e4hk\u00f6isten palveluiden<br>v\u00e4lityksell\u00e4, jolloin tietoja voidaan ker\u00e4t\u00e4 my\u00f6s ev\u00e4steiden tai muiden vastaavien tekniikoiden<br>avulla.<\/p>\n\n\n\n<p>Henkil\u00f6tietoja voidaan ker\u00e4t\u00e4 ja p\u00e4ivitt\u00e4\u00e4 my\u00f6s rekisterinpit\u00e4j\u00e4n ja sen kanssa kulloinkin<br>samaan konserniin kuuluvien yritysten muista rekistereist\u00e4 sek\u00e4 henkil\u00f6tietoja koskevia<br>palveluja tarjoavilta viranomaisilta ja yrityksilt\u00e4, kuten v\u00e4est\u00f6tietoj\u00e4rjestelm\u00e4st\u00e4 ja muista<br>vastaavista rekistereist\u00e4.<\/p>\n\n\n\n<p><strong>7. S\u00e4\u00e4nn\u00f6nmukaiset tietojen luovutukset ja tietojen siirto EU:n tai ETA:n ulkopuolelle<\/strong><br>Henkil\u00f6tietoja voidaan luovuttaa ainoastaan kulloinkin voimassaolevan lains\u00e4\u00e4d\u00e4nn\u00f6n<br>sallimissa ja velvoittamissa rajoissa.<br>Rekisterinpit\u00e4j\u00e4 voi luovuttaa henkil\u00f6tietoja rekisterinpit\u00e4j\u00e4n huolellisesti valitsemille<br>yhteisty\u00f6kumppaneille markkinointitarkoituksiin, ellei rekister\u00f6ity ole kielt\u00e4nyt t\u00e4llaista tietojen<br>luovuttamista. Lis\u00e4ksi rekisterinpit\u00e4j\u00e4 voi siirt\u00e4\u00e4 tietoja asiallisen yhteyden p\u00e4\u00e4ttymisen<br>j\u00e4lkeen omaan suoramarkkinointirekisteriins\u00e4.<br>Muihin kuin edell\u00e4 mainittuihin tarkoituksiin henkil\u00f6tietoja ei s\u00e4\u00e4nn\u00f6nmukaisesti luovuteta.<br>Rekisterinpit\u00e4j\u00e4 on kuitenkin oikeutettu lains\u00e4\u00e4d\u00e4nn\u00f6n sallimin tavoin luovuttamaan<br>henkil\u00f6tietoja esimerkiksi liiketoiminnan myyntiin liittyviss\u00e4 tilanteissa. Lis\u00e4ksi rekisterinpit\u00e4j\u00e4<br>voi luovuttaa tietoja mm. tilastointi- ja analysointitarkoituksiin siten, etteiv\u00e4t luovutettava<br>tiedot ole yhdistett\u00e4viss\u00e4 yksitt\u00e4iseen henkil\u00f6\u00f6n.<\/p>\n\n\n\n<p><strong>8. Tietoja ei s\u00e4\u00e4nn\u00f6nmukaisesti siirret\u00e4 Euroopan unionin j\u00e4senvaltioiden alueen tai<\/strong><br><strong>Euroopan talousalueen ulkopuolelle.<\/strong><br>Jos siirto on kuitenkin henkil\u00f6tietojen k\u00e4sittelyn tarkoituksien kannalta tai tietojen k\u00e4sittelyn teknisen<br>toteuttamisen kannalta tarpeellista, noudatetaan siirrossa t\u00e4ll\u00f6in henkil\u00f6tietolains\u00e4\u00e4d\u00e4nn\u00f6n vaatimuksia.<\/p>\n\n\n\n<p><strong>9. Rekisterin suojauksen periaatteet<\/strong><br>S\u00e4hk\u00f6isess\u00e4 muodossa olevat henkil\u00f6tiedot on suojattu tietoturvan toimialalla yleisesti<br>hyv\u00e4ksytt\u00e4vin teknisin keinoin, kuten palomuurein ja salasanoin. Ainoastaan yksil\u00f6idyill\u00e4<br>rekisterinpit\u00e4j\u00e4n ja sen toimeksiannosta ja lukuun toimivien yritysten ty\u00f6ntekij\u00f6ill\u00e4 on p\u00e4\u00e4sy<br>s\u00e4hk\u00f6isen rekisterin sis\u00e4lt\u00e4miin tietoihin rekisterinpit\u00e4j\u00e4n my\u00f6nt\u00e4m\u00e4ll\u00e4 henkil\u00f6kohtaisella<br>k\u00e4ytt\u00f6oikeudella.<\/p>\n\n\n\n<p>Manuaalisessa muodossa olevat, henkil\u00f6tietoja sis\u00e4lt\u00e4v\u00e4t aineistot sijaitsevat lukituissa<br>tiloissa.<\/p>\n\n\n\n<p><strong>Tarkastus-, kielto- ja korjausoikeus<\/strong><br>Jos olet muuttanut mielt\u00e4si siit\u00e4, ett\u00e4 voimme k\u00e4sitell\u00e4 tietojasi, voit milloin tahansa peruuttaa<br>suostumuksen. Voit my\u00f6s pyyt\u00e4\u00e4 tietojasi tarkistettavaksi tai vaatia niiden poistamista tai<br>korjaamista. Tarkastuspyynt\u00f6 tarvitaan kirjallisena ja allekirjoitettuna, tai se voidaan<br>vaihtoehtoisesti tehd\u00e4 henkil\u00f6kohtaisesti.<\/p>\n\n\n\n<p>Voit my\u00f6s kielt\u00e4\u00e4 tietojesi k\u00e4sittelyn ja luovuttamisen suoramainontaa, et\u00e4myynti\u00e4 sek\u00e4<br>markkina- ja mielipidetutkimuksia varten ottamalla yhteytt\u00e4 meihin.<\/p>\n\n\n\n<p><strong>Ev\u00e4steiden k\u00e4ytt\u00f6<\/strong><br>Sivustolla k\u00e4ytet\u00e4\u00e4n ev\u00e4steit\u00e4, eli cookieseja. Ev\u00e4steet ovat pieni\u00e4 tekstitiedostoja, jotka<br>tallentuvat laitteellesi vieraillessasi sivulla. Ne ker\u00e4\u00e4 tietoja siit\u00e4, miten k\u00e4yt\u00e4t sivua. Ev\u00e4steet<br>eiv\u00e4t ole haitallisia, eik\u00e4 niist\u00e4 aiheudu haittaa tietokoneelle, tiedostoille tai internetin<br>k\u00e4yt\u00f6lle. Ev\u00e4steit\u00e4 k\u00e4ytet\u00e4\u00e4n moniin k\u00e4ytt\u00f6tarkoituksiin, jotka liittyy esimerkiksi sivuston toimivuuteen,<br>analysointiin ja markkinointiin.<\/p>\n\n\n\n<p>Sivustoa seurataan kolmannen osapuolen analytiikka- ja seurantapalveluilla. N\u00e4it\u00e4 ovat<br>esimerkiksi Google Analytics ja Hotjar. Ne tilastoivat tietoa mm. k\u00e4ytt\u00e4j\u00e4m\u00e4\u00e4rist\u00e4, sivuston<br>selailutavasta ja k\u00e4ytetyist\u00e4 laitteista. N\u00e4iden avulla n\u00e4hd\u00e4\u00e4n, miten sivusto toimii, ja<br>pystyt\u00e4\u00e4n kehitt\u00e4m\u00e4\u00e4n sit\u00e4.<\/p>\n\n\n\n<p>Lis\u00e4ksi sivusto sis\u00e4lt\u00e4\u00e4 kolmannen osapuolen markkinointipalveluiden ev\u00e4steit\u00e4. N\u00e4it\u00e4 ovat<br>esimerkiksi Facebook ja Google AdWords. Ev\u00e4steet ker\u00e4\u00e4 tietoja mm. k\u00e4ytt\u00e4j\u00e4n<br>kiinnostuksen kohteista, i\u00e4st\u00e4 ja sijainnista, joiden avulla voidaan kohdentaa paremmin<br>markkinointiamme ja tavoittaa sellaisia ihmisi\u00e4, jotka ovat kiinnostuneita meist\u00e4 ja siit\u00e4, mit\u00e4<br>teemme.<\/p>\n\n\n\n<p>My\u00f6s t\u00e4llaisia tietoja ev\u00e4steet ker\u00e4\u00e4v\u00e4t:<br>\u25cf k\u00e4ytt\u00e4j\u00e4n IP-osoite<br>\u25cf kellonaika<br>\u25cf k\u00e4ytetyt sivut<br>\u25cf selaintyyppi<br>\u25cf mist\u00e4 verkko-osoitteesta sivulle on tultu<br>\u25cf milt\u00e4 palvelimelta sivulle on tultu<br>\u25cf mist\u00e4 verkkotunnuksesta sivulle on tultu.<\/p>\n\n\n\n<p>Yksitt\u00e4isi\u00e4 henkil\u00f6it\u00e4 analytiikan joukosta on mahdotonta selvitt\u00e4\u00e4. Ev\u00e4steit\u00e4 k\u00e4ytet\u00e4\u00e4n<br>lis\u00e4ksi mm. sivuston rekister\u00f6inti- ja sis\u00e4\u00e4nkirjautumistarkoituksissa.<\/p>\n\n\n\n<p><strong>Ev\u00e4steiden poisto ja est\u00e4minen<\/strong><br>Google Analytics -verkkoanalytiikkapalvelun ev\u00e4steet voit est\u00e4\u00e4 halutessasi selaimeesi<br>asennettavalla lis\u00e4osalla. Muut ev\u00e4steet voit poistaa tai est\u00e4\u00e4 k\u00e4ytt\u00e4m\u00e4si verkkoselaimen<br>asetuksista. Huomaathan, ett\u00e4 jotkut toiminnot tarvitsevat ev\u00e4isteit\u00e4. Havilla ei takaa<br>sivuston t\u00e4ysmittaista toimivuutta, mik\u00e4li t\u00e4llaiset ev\u00e4steiden k\u00e4ytt\u00f6 sivustolla estet\u00e4\u00e4n.<\/p>\n\n\n\n<p><strong>Selosteen p\u00e4ivitt\u00e4minen<\/strong><br>P\u00e4ivityksi\u00e4 saatetaan tehd\u00e4 t\u00e4h\u00e4n tietosuojaselosteeseen toiminnan kehittyess\u00e4,<br>tietosuojaperiaatteiden p\u00e4ivittyess\u00e4 tai lains\u00e4\u00e4d\u00e4nn\u00f6n muuttuessa. Muutokset on voimassa,<br>kun ne on julkaistu.<\/p>\n","protected":false},"excerpt":{"rendered":"<p>1. Rekisterinpit\u00e4j\u00e4Nimi: Havilla OyY-tunnus: 3475400-3Postiosoite: Pakkalankuja 7, 01510 Vantaa 2. Tietosuoja-asioiden yhteyshenkil\u00f6Nimi: Kaisa TimonenPuhelin: 050 4476 572S\u00e4hk\u00f6posti: kaisa.timonen@kylatimpuri.fi 3&#8230;.<\/p>\n","protected":false},"author":1,"featured_media":0,"parent":0,"menu_order":0,"comment_status":"closed","ping_status":"open","template":"","meta":{"_acf_changed":false,"footnotes":""},"class_list":["post-3","page","type-page","status-publish","hentry"],"acf":[],"yoast_head":"<!-- This site is optimized with the Yoast SEO plugin v27.4 - https:\/\/yoast.com\/product\/yoast-seo-wordpress\/ -->\n<title>Tietosuojaseloste - Havilla<\/title>\n<meta name=\"robots\" content=\"index, follow, max-snippet:-1, max-image-preview:large, max-video-preview:-1\" \/>\n<link rel=\"canonical\" href=\"https:\/\/havilla.fi\/index.php\/privacy-policy\/\" \/>\n<meta property=\"og:locale\" content=\"fi_FI\" \/>\n<meta property=\"og:type\" content=\"article\" \/>\n<meta property=\"og:title\" content=\"Tietosuojaseloste - Havilla\" \/>\n<meta property=\"og:description\" content=\"1. Rekisterinpit\u00e4j\u00e4Nimi: Havilla OyY-tunnus: 3475400-3Postiosoite: Pakkalankuja 7, 01510 Vantaa 2. Tietosuoja-asioiden yhteyshenkil\u00f6Nimi: Kaisa TimonenPuhelin: 050 4476 572S\u00e4hk\u00f6posti: kaisa.timonen@kylatimpuri.fi 3....\" \/>\n<meta property=\"og:url\" content=\"https:\/\/havilla.fi\/index.php\/privacy-policy\/\" \/>\n<meta property=\"og:site_name\" content=\"Havilla\" \/>\n<meta property=\"article:modified_time\" content=\"2025-06-10T08:19:35+00:00\" \/>\n<meta name=\"twitter:card\" content=\"summary_large_image\" \/>\n<meta name=\"twitter:label1\" content=\"Arvioitu lukuaika\" \/>\n\t<meta name=\"twitter:data1\" content=\"5 minuuttia\" \/>\n<script type=\"application\/ld+json\" class=\"yoast-schema-graph\">{\"@context\":\"https:\\\/\\\/schema.org\",\"@graph\":[{\"@type\":\"WebPage\",\"@id\":\"https:\\\/\\\/havilla.fi\\\/index.php\\\/privacy-policy\\\/\",\"url\":\"https:\\\/\\\/havilla.fi\\\/index.php\\\/privacy-policy\\\/\",\"name\":\"Tietosuojaseloste - Havilla\",\"isPartOf\":{\"@id\":\"https:\\\/\\\/havilla.fi\\\/#website\"},\"datePublished\":\"2025-03-17T13:30:54+00:00\",\"dateModified\":\"2025-06-10T08:19:35+00:00\",\"breadcrumb\":{\"@id\":\"https:\\\/\\\/havilla.fi\\\/index.php\\\/privacy-policy\\\/#breadcrumb\"},\"inLanguage\":\"fi\",\"potentialAction\":[{\"@type\":\"ReadAction\",\"target\":[\"https:\\\/\\\/havilla.fi\\\/index.php\\\/privacy-policy\\\/\"]}]},{\"@type\":\"BreadcrumbList\",\"@id\":\"https:\\\/\\\/havilla.fi\\\/index.php\\\/privacy-policy\\\/#breadcrumb\",\"itemListElement\":[{\"@type\":\"ListItem\",\"position\":1,\"name\":\"Etusivu\",\"item\":\"https:\\\/\\\/havilla.fi\\\/\"},{\"@type\":\"ListItem\",\"position\":2,\"name\":\"Tietosuojaseloste\"}]},{\"@type\":\"WebSite\",\"@id\":\"https:\\\/\\\/havilla.fi\\\/#website\",\"url\":\"https:\\\/\\\/havilla.fi\\\/\",\"name\":\"Havilla\",\"description\":\"Asumisen uusi suunnann&auml;ytt&auml;j&auml;\",\"publisher\":{\"@id\":\"https:\\\/\\\/havilla.fi\\\/#organization\"},\"potentialAction\":[{\"@type\":\"SearchAction\",\"target\":{\"@type\":\"EntryPoint\",\"urlTemplate\":\"https:\\\/\\\/havilla.fi\\\/?s={search_term_string}\"},\"query-input\":{\"@type\":\"PropertyValueSpecification\",\"valueRequired\":true,\"valueName\":\"search_term_string\"}}],\"inLanguage\":\"fi\"},{\"@type\":\"Organization\",\"@id\":\"https:\\\/\\\/havilla.fi\\\/#organization\",\"name\":\"Havilla\",\"url\":\"https:\\\/\\\/havilla.fi\\\/\",\"logo\":{\"@type\":\"ImageObject\",\"inLanguage\":\"fi\",\"@id\":\"https:\\\/\\\/havilla.fi\\\/#\\\/schema\\\/logo\\\/image\\\/\",\"url\":\"https:\\\/\\\/havilla.fi\\\/wp-content\\\/uploads\\\/2025\\\/06\\\/Havilla_some.jpg\",\"contentUrl\":\"https:\\\/\\\/havilla.fi\\\/wp-content\\\/uploads\\\/2025\\\/06\\\/Havilla_some.jpg\",\"width\":1080,\"height\":1080,\"caption\":\"Havilla\"},\"image\":{\"@id\":\"https:\\\/\\\/havilla.fi\\\/#\\\/schema\\\/logo\\\/image\\\/\"}}]}<\/script>\n<!-- \/ Yoast SEO plugin. -->","yoast_head_json":{"title":"Tietosuojaseloste - Havilla","robots":{"index":"index","follow":"follow","max-snippet":"max-snippet:-1","max-image-preview":"max-image-preview:large","max-video-preview":"max-video-preview:-1"},"canonical":"https:\/\/havilla.fi\/index.php\/privacy-policy\/","og_locale":"fi_FI","og_type":"article","og_title":"Tietosuojaseloste - Havilla","og_description":"1. Rekisterinpit\u00e4j\u00e4Nimi: Havilla OyY-tunnus: 3475400-3Postiosoite: Pakkalankuja 7, 01510 Vantaa 2. Tietosuoja-asioiden yhteyshenkil\u00f6Nimi: Kaisa TimonenPuhelin: 050 4476 572S\u00e4hk\u00f6posti: kaisa.timonen@kylatimpuri.fi 3....","og_url":"https:\/\/havilla.fi\/index.php\/privacy-policy\/","og_site_name":"Havilla","article_modified_time":"2025-06-10T08:19:35+00:00","twitter_card":"summary_large_image","twitter_misc":{"Arvioitu lukuaika":"5 minuuttia"},"schema":{"@context":"https:\/\/schema.org","@graph":[{"@type":"WebPage","@id":"https:\/\/havilla.fi\/index.php\/privacy-policy\/","url":"https:\/\/havilla.fi\/index.php\/privacy-policy\/","name":"Tietosuojaseloste - Havilla","isPartOf":{"@id":"https:\/\/havilla.fi\/#website"},"datePublished":"2025-03-17T13:30:54+00:00","dateModified":"2025-06-10T08:19:35+00:00","breadcrumb":{"@id":"https:\/\/havilla.fi\/index.php\/privacy-policy\/#breadcrumb"},"inLanguage":"fi","potentialAction":[{"@type":"ReadAction","target":["https:\/\/havilla.fi\/index.php\/privacy-policy\/"]}]},{"@type":"BreadcrumbList","@id":"https:\/\/havilla.fi\/index.php\/privacy-policy\/#breadcrumb","itemListElement":[{"@type":"ListItem","position":1,"name":"Etusivu","item":"https:\/\/havilla.fi\/"},{"@type":"ListItem","position":2,"name":"Tietosuojaseloste"}]},{"@type":"WebSite","@id":"https:\/\/havilla.fi\/#website","url":"https:\/\/havilla.fi\/","name":"Havilla","description":"Asumisen uusi suunnann&auml;ytt&auml;j&auml;","publisher":{"@id":"https:\/\/havilla.fi\/#organization"},"potentialAction":[{"@type":"SearchAction","target":{"@type":"EntryPoint","urlTemplate":"https:\/\/havilla.fi\/?s={search_term_string}"},"query-input":{"@type":"PropertyValueSpecification","valueRequired":true,"valueName":"search_term_string"}}],"inLanguage":"fi"},{"@type":"Organization","@id":"https:\/\/havilla.fi\/#organization","name":"Havilla","url":"https:\/\/havilla.fi\/","logo":{"@type":"ImageObject","inLanguage":"fi","@id":"https:\/\/havilla.fi\/#\/schema\/logo\/image\/","url":"https:\/\/havilla.fi\/wp-content\/uploads\/2025\/06\/Havilla_some.jpg","contentUrl":"https:\/\/havilla.fi\/wp-content\/uploads\/2025\/06\/Havilla_some.jpg","width":1080,"height":1080,"caption":"Havilla"},"image":{"@id":"https:\/\/havilla.fi\/#\/schema\/logo\/image\/"}}]}},"_links":{"self":[{"href":"https:\/\/havilla.fi\/index.php\/wp-json\/wp\/v2\/pages\/3","targetHints":{"allow":["GET"]}}],"collection":[{"href":"https:\/\/havilla.fi\/index.php\/wp-json\/wp\/v2\/pages"}],"about":[{"href":"https:\/\/havilla.fi\/index.php\/wp-json\/wp\/v2\/types\/page"}],"author":[{"embeddable":true,"href":"https:\/\/havilla.fi\/index.php\/wp-json\/wp\/v2\/users\/1"}],"replies":[{"embeddable":true,"href":"https:\/\/havilla.fi\/index.php\/wp-json\/wp\/v2\/comments?post=3"}],"version-history":[{"count":3,"href":"https:\/\/havilla.fi\/index.php\/wp-json\/wp\/v2\/pages\/3\/revisions"}],"predecessor-version":[{"id":277,"href":"https:\/\/havilla.fi\/index.php\/wp-json\/wp\/v2\/pages\/3\/revisions\/277"}],"wp:attachment":[{"href":"https:\/\/havilla.fi\/index.php\/wp-json\/wp\/v2\/media?parent=3"}],"curies":[{"name":"wp","href":"https:\/\/api.w.org\/{rel}","templated":true}]}}